{"id":222,"date":"2024-01-10T14:05:59","date_gmt":"2024-01-10T14:05:59","guid":{"rendered":"http:\/\/www.innomedx.org\/?page_id=222"},"modified":"2025-04-29T13:00:25","modified_gmt":"2025-04-29T13:00:25","slug":"mentions-legales","status":"publish","type":"page","link":"https:\/\/www.innomedx.org\/fr\/mentions-legales\/","title":{"rendered":"Mentions l\u00e9gales"},"content":{"rendered":"\n<div class=\"wp-block-group has-secondary-color has-text-color has-link-color wp-elements-a9ddd07406115c36b2b5ed382099ce8f is-layout-constrained wp-block-group-is-layout-constrained\">\r\n<div id=\"block_5409db51dd6e17df7b70e68849e7dce5\" class=\"spacer-block \" style=\"height: 20vh;\"><\/div>\n\n\n<p class=\"has-text-align-left has-gris-fonc-color has-text-color has-link-color has-sub-title-xl-font-size wp-elements-afa27141d123dbe6500423d65293c6d3\" style=\"font-style:normal;font-weight:400\">Les mentions l\u00e9gales<br><span class=\"has-text-align-center has-title-l-font-size\" style=\"font-style:normal;font-weight:700\">D&rsquo;INNOMedX<sup>\u2122<\/sup><\/span>.<\/p>\n\n\n\n<h3 class=\"wp-block-heading has-secondary-color has-text-color has-link-color wp-elements-3b7ebc5ef28b22b4a4d2f3bc4a9c3909\">INNOMedX<sup>\u2122<\/sup><\/h3>\n\n\n\n<p>T\u00e9l. : +33 (0)6 32 13 63 68<br>contact@innomedx.org<\/p>\n\n\n\n<h3 class=\"wp-block-heading\">WebDesign &amp; Cr\u00e9ation<\/h3>\n\n\n\n<p><a href=\"https:\/\/agence-communication-bordeaux.com\/\">Agence S\u00f5<strong>crea<\/strong>tiv\u2019 [ design C\u00f5mmunicatif ]<\/a><\/p>\n\n\n\n<p><a href=\"https:\/\/maps.app.goo.gl\/oSkX7sbh6TjhVpCUA\">H15 | Now, Quai des Chartrons ~ Bordeaux<\/a><\/p>\n\n\n\n<p><a href=\"https:\/\/socreativ.com\/\">S\u00f5<strong>crea<\/strong>tiv\u2019<\/a>,\u00a0<a href=\"http:\/\/visiter-barcelone.com\/\">Visiter-barcelone.com<\/a>\u00a0et\u00a0<a href=\"http:\/\/visiter-rome.com\/\">Visiter-rome.com<\/a>\u00a0marque d\u00e9pos\u00e9es par\u00a0<a href=\"https:\/\/agence-communication-bordeaux.com\/\">S\u00f5<strong>crea<\/strong>tiv\u2019<\/a>\u00a0<a href=\"https:\/\/www.creation-sites-internet-libourne.com\/\">N<\/a><a href=\"https:\/\/creation-sites-internet-merignac.com\/\">o<\/a><a href=\"https:\/\/creation-sites-internet-arcachon.com\/\">u<\/a><a href=\"https:\/\/creation-site-internet-bayonne.com\/\">v<\/a><a href=\"https:\/\/creation-sites-internet-langon.com\/\">e<\/a><a href=\"https:\/\/creation-sites-internet-perigueux.com\/\">l<\/a><a href=\"https:\/\/creation-sites-internet-brive.com\/\">l<\/a><a href=\"https:\/\/creation-site-internet-larochelle.com\/\">e<\/a><a href=\"https:\/\/creation-sites-internet-toulouse.com\/\">&#8211;<\/a><a href=\"https:\/\/creation-sites-internet-pau.com\/\">A<\/a><a href=\"https:\/\/creation-sites-internet-poitiers.com\/\">q<\/a><a href=\"https:\/\/creation-site-internet-sarlat.com\/\">u<\/a><a href=\"https:\/\/creation-site-internet-mont-de-marsan.com\/\">i<\/a><a href=\"https:\/\/creation-site-internet-biarritz.com\/\">t<\/a>aine<\/p>\n\n\n\n<h3 class=\"wp-block-heading\">H\u00e9bergement Serveurs &amp; Back-up<\/h3>\n\n\n\n<p>Soci\u00e9t\u00e9 OVH<br>2 rue Kellermann \u2013 Roubaix<br>http:\/\/ovh.com<\/p>\n\n\n\n<h3 class=\"wp-block-heading\">L\u2019acc\u00e8s ou l\u2019exploitation de ce site vaut acceptation des pr\u00e9sentes dispositions<\/h3>\n\n\n\n<p>Le pr\u00e9sent site et les informations, noms, images, photographies, logos et ic\u00f4nes relatifs \u00e0, ou en rapport avec,<strong> INNOMedX<sup>\u2122<\/sup><\/strong>, ci-apr\u00e8s d\u00e9nomm\u00e9s <strong>INNOMedX<sup>\u2122<\/sup><\/strong> et\/ou leurs produits et services (ci-apr\u00e8s d\u00e9nomm\u00e9s \u00bb les informations \u00ab ) sont propos\u00e9s \u00ab tels quels \u00bb et \u00bb en fonction des disponibilit\u00e9s \u00bb. <strong>INNOMedX<sup>\u2122<\/sup><\/strong> ne d\u00e9clare ni ne garantit de quelque mani\u00e8re que ce soit, explicitement ou implicitement, que le site r\u00e9pond notamment \u00e0 un besoin particulier, qu\u2019il soit commercialisable, qu\u2019il soit exact, fiable ou complet. En outre, <strong>INNOMedX<sup>\u2122<\/sup><\/strong> d\u00e9cline toute responsabilit\u00e9 si le site ou le serveur qui le rend accessible \u00e9tait pourvu d\u2019un virus. Les publications de ce site peuvent contenir des inexactitudes de nature technique ou autre, ou des erreurs typographiques qui peuvent \u00eatre corrig\u00e9es \u00e0 la seule discr\u00e9tion de <strong>INNOMedX<sup>\u2122<\/sup><\/strong>. Toute correction et modification peuvent \u00eatre int\u00e9gr\u00e9es ult\u00e9rieurement dans ce site. <strong>INNOMedX<sup>\u2122<\/sup><\/strong> peut \u00e0 tout moment modifier, am\u00e9liorer et\/ou changer les modalit\u00e9s ou les informations pr\u00e9sent\u00e9es sur ce site ou encore les produits et services auxquels il est fait r\u00e9f\u00e9rence.<\/p>\n\n\n\n<h3 class=\"wp-block-heading\">Limite de responsabilit\u00e9<\/h3>\n\n\n\n<p>En aucun cas <strong>INNOMedX<sup>\u2122<\/sup><\/strong> ou ses cocontractants ne seront tenus pour responsables de tout dommage sp\u00e9cifique, indirect ou direct, ou de tout dommage, quel qu\u2019il soit, r\u00e9sultant de l\u2019acc\u00e8s au site, de son utilisation, de l\u2019impossibilit\u00e9 d\u2019y acc\u00e9der, de l\u2019utiliser ou encore d\u00e9coulant de tous documents, restrictions ou recommandations et informations pr\u00e9sent\u00e9s sur ce site. Le pr\u00e9sent Site pourrait contenir des liens ou des r\u00e9f\u00e9rences \u00e0 d\u2019autres sites web. Internet \u00e9tant g\u00e9r\u00e9 de fa\u00e7on ind\u00e9pendante \u00e0 travers des milliers de sites dans le monde, les informations auxquelles l\u2019utilisateur a acc\u00e8s peuvent avoir une origine ext\u00e9rieure au pr\u00e9sent site et \u00e9chapper par cons\u00e9quent \u00e0 tout contr\u00f4le de <strong>INNOMedX<sup>\u2122<\/sup><\/strong>. Par cons\u00e9quent, n\u2019aura aucune obligation ni aucune responsabilit\u00e9 concernant les contenus disponibles et accessibles sur le Site, par l\u2019interm\u00e9diaire du Site ou en dehors du Site. L\u2019utilisateur s\u2019engage \u00e0 ne pas modifier, int\u00e9grer ni remplacer, en tout ou en partie, les informations pr\u00e9sent\u00e9es par <strong>INNOMedX<sup>\u2122<\/sup><\/strong> sur le pr\u00e9sent Site.<\/p>\n\n\n\n<h3 class=\"wp-block-heading\">Remarques et communications<\/h3>\n\n\n\n<p>Les informations transmises \u00ab au site \u00bb (par courrier, courrier \u00e9lectronique ou par tout autre moyen) ne pourront \u00eatre consid\u00e9r\u00e9es comme confidentielles.  <strong>INNOMedX<sup>\u2122<\/sup><\/strong> est seul destinataire des informations transmises \u00ab au site\u00bb. Conform\u00e9ment \u00e0 la loi du 06\/01\/1978 I\u2019 internaute dispose d\u2019un droit d\u2019acc\u00e8s, de rectification et d\u2019opposition aux informations le concernant qu\u2019il peut exercer \u00e0 tout moment aupr\u00e8s de :  <strong>INNOMedX<sup>\u2122<\/sup><\/strong> \u2013 11 Mauvilla, 33 350 Civrac-sur-Dordogne, France (SAS_RCS Libourne 982 410 185)<\/p>\n\n\n\n<p><strong>INNOMedX<sup>\u2122<\/sup><\/strong> sera heureux de recevoir les remarques des utilisateurs sur le site ainsi que sur ses services, mais il est bien entendu qu\u2019elle ne sollicite aucune suggestion, aucune id\u00e9e ni aucun mat\u00e9riel relatif au d\u00e9veloppement, \u00e0 la conception, \u00e0 la fabrication ou au marketing des dits produits.<\/p>\n\n\n\n<h3 class=\"wp-block-heading\">L\u00e9gislation et juridiction comp\u00e9tente<\/h3>\n\n\n\n<p>Les pr\u00e9sentes Conditions seront r\u00e9gies interpr\u00e9t\u00e9es et appliqu\u00e9es selon la loi fran\u00e7aise, sauf indication contraire affich\u00e9e sur le site. Tout litige r\u00e9sultant de l\u2019interpr\u00e9tation et de l\u2019application des dites Conditions sera de la comp\u00e9tence exclusive des Tribunaux de Bordeaux, sauf indication contraire affich\u00e9e sur le site.<\/p>\n\n\n\n<h3 class=\"wp-block-heading\">Garantie d\u2019indemnisation<\/h3>\n\n\n\n<p>L\u2019utilisateur s\u2019engage \u00e0 indemniser la Soci\u00e9t\u00e9 pour tout litige intent\u00e9 contre elle, ou tout dommage ayant entra\u00een\u00e9 une plainte ou un pr\u00e9judice, du fait de l\u2019utilisation d\u00e9lictueuse du Site par l\u2019utilisateur. Cette indemnisation s\u2019\u00e9tend aux frais de proc\u00e9dures ainsi qu\u2019aux honoraires d\u2019avocats et \u00e0 l\u2019ensemble des frais engag\u00e9s dans le cadre du litige, dans la limite du raisonnable.<\/p>\n\n\n\r\n<div id=\"block_be2a69186f02a070ab14877141b792b3\" class=\"spacer-block \" style=\"height: 15vh;\"><\/div><\/div>\n","protected":false},"excerpt":{"rendered":"<p>Les mentions l\u00e9galesD&rsquo;INNOMedX\u2122. INNOMedX\u2122 T\u00e9l. : +33 (0)6 32 13 63 68contact@innomedx.org WebDesign &amp; Cr\u00e9ation Agence S\u00f5creativ\u2019 [ design C\u00f5mmunicatif ] H15 | Now, Quai des Chartrons ~ Bordeaux S\u00f5creativ\u2019,\u00a0Visiter-barcelone.com\u00a0et\u00a0Visiter-rome.com\u00a0marque d\u00e9pos\u00e9es par\u00a0S\u00f5creativ\u2019\u00a0Nouvelle&#8211;Aquitaine H\u00e9bergement Serveurs &amp; Back-up Soci\u00e9t\u00e9 OVH2 rue Kellermann \u2013 Roubaixhttp:\/\/ovh.com L\u2019acc\u00e8s ou l\u2019exploitation de ce site vaut acceptation des pr\u00e9sentes dispositions Le pr\u00e9sent [&hellip;]<\/p>\n","protected":false},"author":1,"featured_media":0,"parent":0,"menu_order":6,"comment_status":"closed","ping_status":"closed","template":"","meta":{"_acf_changed":false,"footnotes":""},"class_list":["post-222","page","type-page","status-publish","hentry"],"acf":[],"yoast_head":"<!-- This site is optimized with the Yoast SEO plugin v27.5 - https:\/\/yoast.com\/product\/yoast-seo-wordpress\/ -->\n<title>Mentions l\u00e9gales - INNOMedX Medical Market Access<\/title>\n<meta name=\"robots\" content=\"index, follow, max-snippet:-1, max-image-preview:large, max-video-preview:-1\" \/>\n<link rel=\"canonical\" href=\"https:\/\/www.innomedx.org\/mentions-legales\/\" \/>\n<meta property=\"og:locale\" content=\"fr_FR\" \/>\n<meta property=\"og:type\" content=\"article\" \/>\n<meta property=\"og:title\" content=\"Mentions l\u00e9gales - INNOMedX Medical Market Access\" \/>\n<meta property=\"og:description\" content=\"Les mentions l\u00e9galesD&rsquo;INNOMedX\u2122. INNOMedX\u2122 T\u00e9l. : +33 (0)6 32 13 63 68contact@innomedx.org WebDesign &amp; Cr\u00e9ation Agence S\u00f5creativ\u2019 [ design C\u00f5mmunicatif ] H15 | Now, Quai des Chartrons ~ Bordeaux S\u00f5creativ\u2019,\u00a0Visiter-barcelone.com\u00a0et\u00a0Visiter-rome.com\u00a0marque d\u00e9pos\u00e9es par\u00a0S\u00f5creativ\u2019\u00a0Nouvelle&#8211;Aquitaine H\u00e9bergement Serveurs &amp; Back-up Soci\u00e9t\u00e9 OVH2 rue Kellermann \u2013 Roubaixhttp:\/\/ovh.com L\u2019acc\u00e8s ou l\u2019exploitation de ce site vaut acceptation des pr\u00e9sentes dispositions Le pr\u00e9sent [&hellip;]\" \/>\n<meta property=\"og:url\" content=\"https:\/\/www.innomedx.org\/mentions-legales\/\" \/>\n<meta property=\"og:site_name\" content=\"INNOMedX Medical Market Access\" \/>\n<meta property=\"article:modified_time\" content=\"2025-04-29T13:00:25+00:00\" \/>\n<meta name=\"twitter:card\" content=\"summary_large_image\" \/>\n<meta name=\"twitter:label1\" content=\"Dur\u00e9e de lecture estim\u00e9e\" \/>\n\t<meta name=\"twitter:data1\" content=\"4 minutes\" \/>\n<script type=\"application\/ld+json\" class=\"yoast-schema-graph\">{\"@context\":\"https:\\\/\\\/schema.org\",\"@graph\":[{\"@type\":\"WebPage\",\"@id\":\"https:\\\/\\\/www.innomedx.org\\\/mentions-legales\\\/\",\"url\":\"https:\\\/\\\/www.innomedx.org\\\/mentions-legales\\\/\",\"name\":\"Mentions l\u00e9gales - INNOMedX Medical Market Access\",\"isPartOf\":{\"@id\":\"https:\\\/\\\/www.innomedx.org\\\/#website\"},\"datePublished\":\"2024-01-10T14:05:59+00:00\",\"dateModified\":\"2025-04-29T13:00:25+00:00\",\"breadcrumb\":{\"@id\":\"https:\\\/\\\/www.innomedx.org\\\/mentions-legales\\\/#breadcrumb\"},\"inLanguage\":\"fr-FR\",\"potentialAction\":[{\"@type\":\"ReadAction\",\"target\":[\"https:\\\/\\\/www.innomedx.org\\\/mentions-legales\\\/\"]}]},{\"@type\":\"BreadcrumbList\",\"@id\":\"https:\\\/\\\/www.innomedx.org\\\/mentions-legales\\\/#breadcrumb\",\"itemListElement\":[{\"@type\":\"ListItem\",\"position\":1,\"name\":\"Accueil\",\"item\":\"https:\\\/\\\/www.innomedx.org\\\/fr\\\/\"},{\"@type\":\"ListItem\",\"position\":2,\"name\":\"Mentions l\u00e9gales\"}]},{\"@type\":\"WebSite\",\"@id\":\"https:\\\/\\\/www.innomedx.org\\\/#website\",\"url\":\"https:\\\/\\\/www.innomedx.org\\\/\",\"name\":\"INNOMedX Medical Market Access\",\"description\":\"INNOMedX Innovative Solutions for New Healthcare Technologies\",\"publisher\":{\"@id\":\"https:\\\/\\\/www.innomedx.org\\\/#organization\"},\"potentialAction\":[{\"@type\":\"SearchAction\",\"target\":{\"@type\":\"EntryPoint\",\"urlTemplate\":\"https:\\\/\\\/www.innomedx.org\\\/?s={search_term_string}\"},\"query-input\":{\"@type\":\"PropertyValueSpecification\",\"valueRequired\":true,\"valueName\":\"search_term_string\"}}],\"inLanguage\":\"fr-FR\"},{\"@type\":\"Organization\",\"@id\":\"https:\\\/\\\/www.innomedx.org\\\/#organization\",\"name\":\"INNOMedX Medical Market Access\",\"url\":\"https:\\\/\\\/www.innomedx.org\\\/\",\"logo\":{\"@type\":\"ImageObject\",\"inLanguage\":\"fr-FR\",\"@id\":\"https:\\\/\\\/www.innomedx.org\\\/#\\\/schema\\\/logo\\\/image\\\/\",\"url\":\"https:\\\/\\\/www.innomedx.org\\\/wp-content\\\/uploads\\\/INNOMedX-Standard-Logo.png\",\"contentUrl\":\"https:\\\/\\\/www.innomedx.org\\\/wp-content\\\/uploads\\\/INNOMedX-Standard-Logo.png\",\"width\":117,\"height\":61,\"caption\":\"INNOMedX Medical Market Access\"},\"image\":{\"@id\":\"https:\\\/\\\/www.innomedx.org\\\/#\\\/schema\\\/logo\\\/image\\\/\"}}]}<\/script>\n<!-- \/ Yoast SEO plugin. -->","yoast_head_json":{"title":"Mentions l\u00e9gales - INNOMedX Medical Market Access","robots":{"index":"index","follow":"follow","max-snippet":"max-snippet:-1","max-image-preview":"max-image-preview:large","max-video-preview":"max-video-preview:-1"},"canonical":"https:\/\/www.innomedx.org\/mentions-legales\/","og_locale":"fr_FR","og_type":"article","og_title":"Mentions l\u00e9gales - INNOMedX Medical Market Access","og_description":"Les mentions l\u00e9galesD&rsquo;INNOMedX\u2122. INNOMedX\u2122 T\u00e9l. : +33 (0)6 32 13 63 68contact@innomedx.org WebDesign &amp; Cr\u00e9ation Agence S\u00f5creativ\u2019 [ design C\u00f5mmunicatif ] H15 | Now, Quai des Chartrons ~ Bordeaux S\u00f5creativ\u2019,\u00a0Visiter-barcelone.com\u00a0et\u00a0Visiter-rome.com\u00a0marque d\u00e9pos\u00e9es par\u00a0S\u00f5creativ\u2019\u00a0Nouvelle&#8211;Aquitaine H\u00e9bergement Serveurs &amp; Back-up Soci\u00e9t\u00e9 OVH2 rue Kellermann \u2013 Roubaixhttp:\/\/ovh.com L\u2019acc\u00e8s ou l\u2019exploitation de ce site vaut acceptation des pr\u00e9sentes dispositions Le pr\u00e9sent [&hellip;]","og_url":"https:\/\/www.innomedx.org\/mentions-legales\/","og_site_name":"INNOMedX Medical Market Access","article_modified_time":"2025-04-29T13:00:25+00:00","twitter_card":"summary_large_image","twitter_misc":{"Dur\u00e9e de lecture estim\u00e9e":"4 minutes"},"schema":{"@context":"https:\/\/schema.org","@graph":[{"@type":"WebPage","@id":"https:\/\/www.innomedx.org\/mentions-legales\/","url":"https:\/\/www.innomedx.org\/mentions-legales\/","name":"Mentions l\u00e9gales - INNOMedX Medical Market Access","isPartOf":{"@id":"https:\/\/www.innomedx.org\/#website"},"datePublished":"2024-01-10T14:05:59+00:00","dateModified":"2025-04-29T13:00:25+00:00","breadcrumb":{"@id":"https:\/\/www.innomedx.org\/mentions-legales\/#breadcrumb"},"inLanguage":"fr-FR","potentialAction":[{"@type":"ReadAction","target":["https:\/\/www.innomedx.org\/mentions-legales\/"]}]},{"@type":"BreadcrumbList","@id":"https:\/\/www.innomedx.org\/mentions-legales\/#breadcrumb","itemListElement":[{"@type":"ListItem","position":1,"name":"Accueil","item":"https:\/\/www.innomedx.org\/fr\/"},{"@type":"ListItem","position":2,"name":"Mentions l\u00e9gales"}]},{"@type":"WebSite","@id":"https:\/\/www.innomedx.org\/#website","url":"https:\/\/www.innomedx.org\/","name":"INNOMedX Medical Market Access","description":"INNOMedX Innovative Solutions for New Healthcare Technologies","publisher":{"@id":"https:\/\/www.innomedx.org\/#organization"},"potentialAction":[{"@type":"SearchAction","target":{"@type":"EntryPoint","urlTemplate":"https:\/\/www.innomedx.org\/?s={search_term_string}"},"query-input":{"@type":"PropertyValueSpecification","valueRequired":true,"valueName":"search_term_string"}}],"inLanguage":"fr-FR"},{"@type":"Organization","@id":"https:\/\/www.innomedx.org\/#organization","name":"INNOMedX Medical Market Access","url":"https:\/\/www.innomedx.org\/","logo":{"@type":"ImageObject","inLanguage":"fr-FR","@id":"https:\/\/www.innomedx.org\/#\/schema\/logo\/image\/","url":"https:\/\/www.innomedx.org\/wp-content\/uploads\/INNOMedX-Standard-Logo.png","contentUrl":"https:\/\/www.innomedx.org\/wp-content\/uploads\/INNOMedX-Standard-Logo.png","width":117,"height":61,"caption":"INNOMedX Medical Market Access"},"image":{"@id":"https:\/\/www.innomedx.org\/#\/schema\/logo\/image\/"}}]}},"_links":{"self":[{"href":"https:\/\/www.innomedx.org\/fr\/wp-json\/wp\/v2\/pages\/222","targetHints":{"allow":["GET"]}}],"collection":[{"href":"https:\/\/www.innomedx.org\/fr\/wp-json\/wp\/v2\/pages"}],"about":[{"href":"https:\/\/www.innomedx.org\/fr\/wp-json\/wp\/v2\/types\/page"}],"author":[{"embeddable":true,"href":"https:\/\/www.innomedx.org\/fr\/wp-json\/wp\/v2\/users\/1"}],"replies":[{"embeddable":true,"href":"https:\/\/www.innomedx.org\/fr\/wp-json\/wp\/v2\/comments?post=222"}],"version-history":[{"count":79,"href":"https:\/\/www.innomedx.org\/fr\/wp-json\/wp\/v2\/pages\/222\/revisions"}],"predecessor-version":[{"id":4554,"href":"https:\/\/www.innomedx.org\/fr\/wp-json\/wp\/v2\/pages\/222\/revisions\/4554"}],"wp:attachment":[{"href":"https:\/\/www.innomedx.org\/fr\/wp-json\/wp\/v2\/media?parent=222"}],"curies":[{"name":"wp","href":"https:\/\/api.w.org\/{rel}","templated":true}]}}